{"id":297,"date":"2025-04-22T05:45:38","date_gmt":"2025-04-22T05:45:38","guid":{"rendered":"https:\/\/venta.vendigo.es\/?page_id=297"},"modified":"2025-04-22T14:39:28","modified_gmt":"2025-04-22T14:39:28","slug":"politica-de-privacidad","status":"publish","type":"page","link":"https:\/\/venta.vendigo.es\/en\/politica-de-privacidad\/","title":{"rendered":"Pol\u00edtica de Privacidad"},"content":{"rendered":"<pre><em>\u00daltima actualizaci\u00f3n: 01 de abril de 2025<\/em><\/pre>\n<p><em>Vendigo<\/em> est\u00e1 comprometido con la protecci\u00f3n de tu privacidad. Esta Pol\u00edtica de Privacidad explica c\u00f3mo recopilamos y utilizamos tu informaci\u00f3n personal en Vendigo. Esta Pol\u00edtica de Privacidad se aplica a nuestro sitio web, <a href=\"https:\/\/vendigo.es\">https:\/\/vendigo.es<\/a>, y sus subdominios asociados. Al acceder o utilizar nuestro Servicio, declaras que has le\u00eddo, comprendido y aceptado nuestra recopilaci\u00f3n, almacenamiento, uso de tu informaci\u00f3n personal seg\u00fan lo descrito en esta Pol\u00edtica de Privacidad y nuestros T\u00e9rminos de Servicio.<\/p>\n<h2><strong>\u00bfQu\u00e9 informaci\u00f3n recopilamos?<\/strong><\/h2>\n<p>Recopilamos informaci\u00f3n de ti cuando visitas nuestro servicio, te registras, haces un pedido, te suscribes a nuestro bolet\u00edn, respondes a una encuesta o completas un formulario.<\/p>\n<ul>\n<li>Name<\/li>\n<li>Direcci\u00f3n de correo electr\u00f3nico<\/li>\n<li>Phone<\/li>\n<\/ul>\n<h2><strong>\u00bfC\u00f3mo utilizamos la informaci\u00f3n que recopilamos?<\/strong><\/h2>\n<p>Cualquiera de la informaci\u00f3n que recopilamos de ti puede ser utilizada de una de las siguientes maneras:<\/p>\n<ul>\n<li>Personalizar tu experiencia (tu informaci\u00f3n nos ayuda a responder mejor a tus necesidades individuales).<\/li>\n<li>Mejorar nuestro servicio (siempre estamos tratando de mejorar nuestras ofertas de servicio en funci\u00f3n de la informaci\u00f3n y comentarios que recibimos de ti).<\/li>\n<li>Mejorar el servicio al cliente (tu informaci\u00f3n nos ayuda a responder de manera m\u00e1s efectiva a tus solicitudes de servicio al cliente y necesidades de soporte).<\/li>\n<li>Procesar transacciones.<\/li>\n<li>Administrar un concurso, promoci\u00f3n, encuesta u otra caracter\u00edstica del sitio.<\/li>\n<li>Enviar correos electr\u00f3nicos peri\u00f3dicos.<\/li>\n<\/ul>\n<h2><strong>\u00bfCu\u00e1ndo utilizamos la informaci\u00f3n del cliente de terceros?<\/strong><\/h2>\n<p>Recibimos cierta informaci\u00f3n de terceros cuando te contactas con nosotros. Por ejemplo, cuando env\u00edas tu direcci\u00f3n de correo electr\u00f3nico para mostrar inter\u00e9s en convertirte en nuestro cliente.<\/p>\n<h2><strong>Ejercicio del Derecho de Supresi\u00f3n<\/strong><\/h2>\n<p>Los usuarios tienen el derecho de solicitar la eliminaci\u00f3n de sus datos personales de nuestros registros y sistemas de acuerdo con las regulaciones de privacidad aplicables. Si deseas ejercer este derecho, por favor cont\u00e1ctanos a trav\u00e9s de la direcci\u00f3n de correo electr\u00f3nico: <a href=\"mailto:admin@vendigo.es\">admin@vendigo.es<\/a>. Procesaremos tu solicitud de supresi\u00f3n de datos de manera oportuna y te proporcionaremos confirmaci\u00f3n por escrito una vez que los datos hayan sido eliminados de manera efectiva. Tu privacidad es importante para nosotros, y nos comprometemos a cumplir con todas las obligaciones legales en relaci\u00f3n con la protecci\u00f3n de tus datos personales. Si tienes alguna pregunta o inquietud con respecto a la supresi\u00f3n de tus datos, no dudes en ponerte en contacto con nosotros a trav\u00e9s de la direcci\u00f3n de correo electr\u00f3nico proporcionada. Estamos aqu\u00ed para ayudarte.<\/p>","protected":false},"excerpt":{"rendered":"<p>\u00daltima actualizaci\u00f3n: 01 de abril de 2025 Vendigo est\u00e1 comprometido con la protecci\u00f3n de tu privacidad. Esta Pol\u00edtica de Privacidad explica c\u00f3mo recopilamos y utilizamos tu informaci\u00f3n personal en Vendigo. Esta Pol\u00edtica de Privacidad se aplica a nuestro sitio web, https:\/\/vendigo.es, y sus subdominios asociados. Al acceder o utilizar nuestro Servicio, declaras que has le\u00eddo, [&hellip;]<\/p>","protected":false},"author":1,"featured_media":0,"parent":0,"menu_order":0,"comment_status":"closed","ping_status":"closed","template":"","meta":{"footnotes":""},"class_list":["post-297","page","type-page","status-publish","hentry"],"_links":{"self":[{"href":"https:\/\/venta.vendigo.es\/en\/wp-json\/wp\/v2\/pages\/297","targetHints":{"allow":["GET"]}}],"collection":[{"href":"https:\/\/venta.vendigo.es\/en\/wp-json\/wp\/v2\/pages"}],"about":[{"href":"https:\/\/venta.vendigo.es\/en\/wp-json\/wp\/v2\/types\/page"}],"author":[{"embeddable":true,"href":"https:\/\/venta.vendigo.es\/en\/wp-json\/wp\/v2\/users\/1"}],"replies":[{"embeddable":true,"href":"https:\/\/venta.vendigo.es\/en\/wp-json\/wp\/v2\/comments?post=297"}],"version-history":[{"count":3,"href":"https:\/\/venta.vendigo.es\/en\/wp-json\/wp\/v2\/pages\/297\/revisions"}],"predecessor-version":[{"id":335,"href":"https:\/\/venta.vendigo.es\/en\/wp-json\/wp\/v2\/pages\/297\/revisions\/335"}],"wp:attachment":[{"href":"https:\/\/venta.vendigo.es\/en\/wp-json\/wp\/v2\/media?parent=297"}],"curies":[{"name":"wp","href":"https:\/\/api.w.org\/{rel}","templated":true}]}}